{"id":361,"date":"2025-06-12T09:18:40","date_gmt":"2025-06-12T09:18:40","guid":{"rendered":"https:\/\/angeluscafe.com\/politica-de-privadesa\/"},"modified":"2025-08-12T15:40:34","modified_gmt":"2025-08-12T15:40:34","slug":"politica-de-privadesa","status":"publish","type":"page","link":"https:\/\/angeluscafe.com\/ca\/politica-de-privadesa\/","title":{"rendered":"Pol\u00edtica de privadesa"},"content":{"rendered":"\t\t<div data-elementor-type=\"wp-page\" data-elementor-id=\"361\" class=\"elementor elementor-361 elementor-3\" data-elementor-post-type=\"page\">\n\t\t\t\t<div class=\"elementor-element elementor-element-35597769 e-flex e-con-boxed e-con e-parent\" data-id=\"35597769\" data-element_type=\"container\">\n\t\t\t\t\t<div class=\"e-con-inner\">\n\t\t\t\t<div class=\"elementor-element elementor-element-479afdd9 elementor-widget elementor-widget-text-editor\" data-id=\"479afdd9\" data-element_type=\"widget\" data-widget_type=\"text-editor.default\">\n\t\t\t\t<div class=\"elementor-widget-container\">\n\t\t\t\t\t\t\t\t\t\n<h1 class=\"wp-block-heading\">Pol\u00edtica de privadesa<\/h1>\n\n\n\n<p><\/p>\n\t\t\t\t\t\t\t\t<\/div>\n\t\t\t\t<\/div>\n\t\t\t\t<div class=\"elementor-element elementor-element-3443bd0 elementor-widget elementor-widget-text-editor\" data-id=\"3443bd0\" data-element_type=\"widget\" data-widget_type=\"text-editor.default\">\n\t\t\t\t<div class=\"elementor-widget-container\">\n\t\t\t\t\t\t\t\t\t<p data-start=\"207\" data-end=\"651\">En compliment del que disposa la normativa vigent en mat\u00e8ria de Protecci\u00f3 de Dades de Car\u00e0cter Personal, us informem que les dades personals que ens faciliteu a trav\u00e9s dels formularis d&#8217;aquesta p\u00e0gina web o mitjan\u00e7ant altres vies de recollida seran tractats per <strong data-start=\"475\" data-end=\"500\">OBRADORS CHERTA MARIA<\/strong> , amb NIF <strong data-start=\"510\" data-end=\"523\">40594663P<\/strong> i domicili al <strong data-start=\"539\" data-end=\"571\">C\/ Santa Lloga 7 6,<\/strong> <strong data-start=\"582\" data-end=\"598\">7 9 7<\/strong> i correu electr\u00f2nic <strong data-start=\"620\" data-end=\"650\"><a class=\"cursor-pointer\" rel=\"noopener\" data-start=\"622\" data-end=\"648\">angeluscafe17600@gmail.com<\/a><\/strong> .<\/p>\n<h4 data-start=\"653\" data-end=\"683\">Finalitat del tractament<\/h4>\n<p data-start=\"684\" data-end=\"929\">Les dades proporcionades seran utilitzades amb la finalitat de gestionar la vostra sol\u00b7licitud, mantenir la relaci\u00f3 contractual o comercial establerta, aix\u00ed com per a l&#8217;enviament de comunicacions comercials relacionades amb els nostres productes i serveis.<\/p>\n<h4 data-start=\"931\" data-end=\"961\">Conservaci\u00f3 de les dades<\/h4>\n<p data-start=\"962\" data-end=\"1113\">Les dades personals es conservaran mentre es mantingui la relaci\u00f3 comercial o durant els anys necessaris per complir les obligacions legals.<\/p>\n<h4 data-start=\"1115\" data-end=\"1165\">Legitimaci\u00f3 per al tractament de les vostres dades<\/h4>\n<p data-start=\"1166\" data-end=\"1294\">La base legal per al tractament de les vostres dades \u00e9s el consentiment que ens atorgueu en acceptar aquesta pol\u00edtica de privadesa.<\/p>\n<h4 data-start=\"1296\" data-end=\"1327\">Destinataris de les dades<\/h4>\n<p data-start=\"1328\" data-end=\"1383\">No se cediran dades a tercers, excepte obligaci\u00f3 legal.<\/p>\n<h4 data-start=\"1385\" data-end=\"1417\">Drets dels interessats<\/h4>\n<p data-start=\"1418\" data-end=\"1691\">Com a usuari, teniu dret a obtenir confirmaci\u00f3 sobre si a <strong data-start=\"1481\" data-end=\"1506\">OBRADORS CHERTA MARIA<\/strong> estem tractant les vostres dades personals; per tant, teniu dret a accedir a les vostres dades, rectificar les dades inexactes o sol\u00b7licitar la seva supressi\u00f3 quan les dades ja no siguin necess\u00e0ries.<\/p>\n<p data-start=\"1693\" data-end=\"2021\">En determinades circumst\u00e0ncies, els interessats podran sol\u00b7licitar la limitaci\u00f3 del tractament de les seves dades, cas en qu\u00e8 \u00fanicament les conservarem per a l&#8217;exercici o la defensa de reclamacions. Aix\u00ed mateix, i per motius relacionats amb la seva situaci\u00f3 particular, els interessats podran oposar-se al tractament de les dades. <\/p>\n<p data-start=\"2023\" data-end=\"2215\">Podr\u00e0 exercir materialment aquests drets enviant un escrit a <strong data-start=\"2088\" data-end=\"2143\">OBRADORS CHERTA MARIA, C\/ Santa Llogaia 5, Figueres<\/strong> , o b\u00e9 mitjan\u00e7ant correu electr\u00f2nic a <strong data-start=\"2182\" data-end=\"2212\"><a class=\"cursor-pointer\" rel=\"noopener\" data-start=\"2184\" data-end=\"2210\">angeluscafe17600@gmail.com<\/a><\/strong> .<\/p>\n<p data-start=\"2217\" data-end=\"2385\">Si considereu que els vostres drets no s&#8217;han at\u00e8s adequadament, teniu dret a presentar una reclamaci\u00f3 davant l&#8217;Ag\u00e8ncia Espanyola de Protecci\u00f3 de Dades ( <a class=\"cursor-pointer\" target=\"_new\" rel=\"noopener\" data-start=\"2372\" data-end=\"2383\">www.aepd.es<\/a> ).<\/p>\n<h4 data-start=\"2387\" data-end=\"2414\">Seguretat de les dades<\/h4>\n<p data-start=\"2415\" data-end=\"2860\"><strong data-start=\"2415\" data-end=\"2440\">OBRADORS CHERTA MARIA<\/strong> es compromet a l&#8217;\u00fas i tractament de les dades personals incloses dels usuaris, respectant-ne la confidencialitat i utilitzant-les d&#8217;acord amb la finalitat per a la qual van ser recollides, aix\u00ed com a complir la seva obligaci\u00f3 de guardar-les i adaptar totes les mesures per evitar l&#8217;alteraci\u00f3, p\u00e8rdua, tractament o acc\u00e9s no autoritzat, de conformitat amb el que estableix la normativa.<\/p>\n<h4 data-start=\"2862\" data-end=\"2894\">Acceptaci\u00f3 i consentiment<\/h4>\n<p data-start=\"2895\" data-end=\"3171\">L&#8217;usuari declara haver estat informat de les condicions sobre protecci\u00f3 de dades de car\u00e0cter personal, acceptant i consentint-ne el tractament per part d&#8217; <strong data-start=\"3069\" data-end=\"3094\">OBRADORS CHERTA MARIA<\/strong> en la forma i per a les finalitats indicades en aquesta pol\u00edtica de privadesa.<\/p>\t\t\t\t\t\t\t\t<\/div>\n\t\t\t\t<\/div>\n\t\t\t\t\t<\/div>\n\t\t\t\t<\/div>\n\t\t\t\t<\/div>\n\t\t","protected":false},"excerpt":{"rendered":"<p>Pol\u00edtica de privadesa En compliment del que disposa la normativa vigent en mat\u00e8ria de Protecci\u00f3 de Dades de Car\u00e0cter Personal, us informem que les dades personals que ens faciliteu a trav\u00e9s dels formularis d&#8217;aquesta p\u00e0gina web o mitjan\u00e7ant altres vies de recollida seran tractats per OBRADORS CHERTA MARIA , amb NIF 40594663P i domicili al [&hellip;]<\/p>\n","protected":false},"author":1,"featured_media":0,"parent":0,"menu_order":20000,"comment_status":"closed","ping_status":"closed","template":"","meta":{"_joinchat":[],"footnotes":""},"class_list":["post-361","page","type-page","status-publish","hentry"],"yoast_head":"<!-- This site is optimized with the Yoast SEO plugin v25.6 - https:\/\/yoast.com\/wordpress\/plugins\/seo\/ -->\n<title>Pol\u00edtica de privadesa - L&#039;\u00c0ngelus Caf\u00e8<\/title>\n<meta name=\"robots\" content=\"index, follow, max-snippet:-1, max-image-preview:large, max-video-preview:-1\" \/>\n<link rel=\"canonical\" href=\"https:\/\/angeluscafe.com\/ca\/politica-de-privadesa\/\" \/>\n<meta property=\"og:locale\" content=\"ca_ES\" \/>\n<meta property=\"og:type\" content=\"article\" \/>\n<meta property=\"og:title\" content=\"Pol\u00edtica de privadesa - L&#039;\u00c0ngelus Caf\u00e8\" \/>\n<meta property=\"og:description\" content=\"Pol\u00edtica de privadesa En compliment del que disposa la normativa vigent en mat\u00e8ria de Protecci\u00f3 de Dades de Car\u00e0cter Personal, us informem que les dades personals que ens faciliteu a trav\u00e9s dels formularis d&#8217;aquesta p\u00e0gina web o mitjan\u00e7ant altres vies de recollida seran tractats per OBRADORS CHERTA MARIA , amb NIF 40594663P i domicili al [&hellip;]\" \/>\n<meta property=\"og:url\" content=\"https:\/\/angeluscafe.com\/ca\/politica-de-privadesa\/\" \/>\n<meta property=\"og:site_name\" content=\"L&#039;\u00c0ngelus Caf\u00e8\" \/>\n<meta property=\"article:modified_time\" content=\"2025-08-12T15:40:34+00:00\" \/>\n<meta name=\"twitter:card\" content=\"summary_large_image\" \/>\n<meta name=\"twitter:label1\" content=\"Temps estimat de lectura\" \/>\n\t<meta name=\"twitter:data1\" content=\"2 minuts\" \/>\n<script type=\"application\/ld+json\" class=\"yoast-schema-graph\">{\"@context\":\"https:\/\/schema.org\",\"@graph\":[{\"@type\":\"WebPage\",\"@id\":\"https:\/\/angeluscafe.com\/ca\/politica-de-privadesa\/\",\"url\":\"https:\/\/angeluscafe.com\/ca\/politica-de-privadesa\/\",\"name\":\"Pol\u00edtica de privadesa - L&#039;\u00c0ngelus Caf\u00e8\",\"isPartOf\":{\"@id\":\"https:\/\/angeluscafe.com\/ca\/#website\"},\"datePublished\":\"2025-06-12T09:18:40+00:00\",\"dateModified\":\"2025-08-12T15:40:34+00:00\",\"breadcrumb\":{\"@id\":\"https:\/\/angeluscafe.com\/ca\/politica-de-privadesa\/#breadcrumb\"},\"inLanguage\":\"ca\",\"potentialAction\":[{\"@type\":\"ReadAction\",\"target\":[\"https:\/\/angeluscafe.com\/ca\/politica-de-privadesa\/\"]}]},{\"@type\":\"BreadcrumbList\",\"@id\":\"https:\/\/angeluscafe.com\/ca\/politica-de-privadesa\/#breadcrumb\",\"itemListElement\":[{\"@type\":\"ListItem\",\"position\":1,\"name\":\"Portada\",\"item\":\"https:\/\/angeluscafe.com\/ca\/\"},{\"@type\":\"ListItem\",\"position\":2,\"name\":\"Pol\u00edtica de privadesa\"}]},{\"@type\":\"WebSite\",\"@id\":\"https:\/\/angeluscafe.com\/ca\/#website\",\"url\":\"https:\/\/angeluscafe.com\/ca\/\",\"name\":\"L&#039;\u00c0ngelus Caf\u00e8\",\"description\":\"\",\"publisher\":{\"@id\":\"https:\/\/angeluscafe.com\/ca\/#organization\"},\"potentialAction\":[{\"@type\":\"SearchAction\",\"target\":{\"@type\":\"EntryPoint\",\"urlTemplate\":\"https:\/\/angeluscafe.com\/ca\/?s={search_term_string}\"},\"query-input\":{\"@type\":\"PropertyValueSpecification\",\"valueRequired\":true,\"valueName\":\"search_term_string\"}}],\"inLanguage\":\"ca\"},{\"@type\":\"Organization\",\"@id\":\"https:\/\/angeluscafe.com\/ca\/#organization\",\"name\":\"L&#039;\u00c0ngelus Caf\u00e8\",\"url\":\"https:\/\/angeluscafe.com\/ca\/\",\"logo\":{\"@type\":\"ImageObject\",\"inLanguage\":\"ca\",\"@id\":\"https:\/\/angeluscafe.com\/ca\/#\/schema\/logo\/image\/\",\"url\":\"https:\/\/angeluscafe.com\/wp-content\/uploads\/2025\/07\/cropped-logo-angelus-cafe-marron-e1755010077302.png\",\"contentUrl\":\"https:\/\/angeluscafe.com\/wp-content\/uploads\/2025\/07\/cropped-logo-angelus-cafe-marron-e1755010077302.png\",\"width\":1436,\"height\":411,\"caption\":\"L&#039;\u00c0ngelus Caf\u00e8\"},\"image\":{\"@id\":\"https:\/\/angeluscafe.com\/ca\/#\/schema\/logo\/image\/\"}}]}<\/script>\n<!-- \/ Yoast SEO plugin. -->","yoast_head_json":{"title":"Pol\u00edtica de privadesa - L&#039;\u00c0ngelus Caf\u00e8","robots":{"index":"index","follow":"follow","max-snippet":"max-snippet:-1","max-image-preview":"max-image-preview:large","max-video-preview":"max-video-preview:-1"},"canonical":"https:\/\/angeluscafe.com\/ca\/politica-de-privadesa\/","og_locale":"ca_ES","og_type":"article","og_title":"Pol\u00edtica de privadesa - L&#039;\u00c0ngelus Caf\u00e8","og_description":"Pol\u00edtica de privadesa En compliment del que disposa la normativa vigent en mat\u00e8ria de Protecci\u00f3 de Dades de Car\u00e0cter Personal, us informem que les dades personals que ens faciliteu a trav\u00e9s dels formularis d&#8217;aquesta p\u00e0gina web o mitjan\u00e7ant altres vies de recollida seran tractats per OBRADORS CHERTA MARIA , amb NIF 40594663P i domicili al [&hellip;]","og_url":"https:\/\/angeluscafe.com\/ca\/politica-de-privadesa\/","og_site_name":"L&#039;\u00c0ngelus Caf\u00e8","article_modified_time":"2025-08-12T15:40:34+00:00","twitter_card":"summary_large_image","twitter_misc":{"Temps estimat de lectura":"2 minuts"},"schema":{"@context":"https:\/\/schema.org","@graph":[{"@type":"WebPage","@id":"https:\/\/angeluscafe.com\/ca\/politica-de-privadesa\/","url":"https:\/\/angeluscafe.com\/ca\/politica-de-privadesa\/","name":"Pol\u00edtica de privadesa - L&#039;\u00c0ngelus Caf\u00e8","isPartOf":{"@id":"https:\/\/angeluscafe.com\/ca\/#website"},"datePublished":"2025-06-12T09:18:40+00:00","dateModified":"2025-08-12T15:40:34+00:00","breadcrumb":{"@id":"https:\/\/angeluscafe.com\/ca\/politica-de-privadesa\/#breadcrumb"},"inLanguage":"ca","potentialAction":[{"@type":"ReadAction","target":["https:\/\/angeluscafe.com\/ca\/politica-de-privadesa\/"]}]},{"@type":"BreadcrumbList","@id":"https:\/\/angeluscafe.com\/ca\/politica-de-privadesa\/#breadcrumb","itemListElement":[{"@type":"ListItem","position":1,"name":"Portada","item":"https:\/\/angeluscafe.com\/ca\/"},{"@type":"ListItem","position":2,"name":"Pol\u00edtica de privadesa"}]},{"@type":"WebSite","@id":"https:\/\/angeluscafe.com\/ca\/#website","url":"https:\/\/angeluscafe.com\/ca\/","name":"L&#039;\u00c0ngelus Caf\u00e8","description":"","publisher":{"@id":"https:\/\/angeluscafe.com\/ca\/#organization"},"potentialAction":[{"@type":"SearchAction","target":{"@type":"EntryPoint","urlTemplate":"https:\/\/angeluscafe.com\/ca\/?s={search_term_string}"},"query-input":{"@type":"PropertyValueSpecification","valueRequired":true,"valueName":"search_term_string"}}],"inLanguage":"ca"},{"@type":"Organization","@id":"https:\/\/angeluscafe.com\/ca\/#organization","name":"L&#039;\u00c0ngelus Caf\u00e8","url":"https:\/\/angeluscafe.com\/ca\/","logo":{"@type":"ImageObject","inLanguage":"ca","@id":"https:\/\/angeluscafe.com\/ca\/#\/schema\/logo\/image\/","url":"https:\/\/angeluscafe.com\/wp-content\/uploads\/2025\/07\/cropped-logo-angelus-cafe-marron-e1755010077302.png","contentUrl":"https:\/\/angeluscafe.com\/wp-content\/uploads\/2025\/07\/cropped-logo-angelus-cafe-marron-e1755010077302.png","width":1436,"height":411,"caption":"L&#039;\u00c0ngelus Caf\u00e8"},"image":{"@id":"https:\/\/angeluscafe.com\/ca\/#\/schema\/logo\/image\/"}}]}},"_links":{"self":[{"href":"https:\/\/angeluscafe.com\/ca\/wp-json\/wp\/v2\/pages\/361","targetHints":{"allow":["GET"]}}],"collection":[{"href":"https:\/\/angeluscafe.com\/ca\/wp-json\/wp\/v2\/pages"}],"about":[{"href":"https:\/\/angeluscafe.com\/ca\/wp-json\/wp\/v2\/types\/page"}],"author":[{"embeddable":true,"href":"https:\/\/angeluscafe.com\/ca\/wp-json\/wp\/v2\/users\/1"}],"replies":[{"embeddable":true,"href":"https:\/\/angeluscafe.com\/ca\/wp-json\/wp\/v2\/comments?post=361"}],"version-history":[{"count":1,"href":"https:\/\/angeluscafe.com\/ca\/wp-json\/wp\/v2\/pages\/361\/revisions"}],"predecessor-version":[{"id":362,"href":"https:\/\/angeluscafe.com\/ca\/wp-json\/wp\/v2\/pages\/361\/revisions\/362"}],"wp:attachment":[{"href":"https:\/\/angeluscafe.com\/ca\/wp-json\/wp\/v2\/media?parent=361"}],"curies":[{"name":"wp","href":"https:\/\/api.w.org\/{rel}","templated":true}]}}