{"id":352,"date":"2025-08-12T07:06:17","date_gmt":"2025-08-12T07:06:17","guid":{"rendered":"https:\/\/angeluscafe.com\/ambient\/"},"modified":"2025-08-12T15:42:15","modified_gmt":"2025-08-12T15:42:15","slug":"ambient","status":"publish","type":"page","link":"https:\/\/angeluscafe.com\/ca\/ambient\/","title":{"rendered":"Ambient"},"content":{"rendered":"\t\t<div data-elementor-type=\"wp-page\" data-elementor-id=\"352\" class=\"elementor elementor-352 elementor-242\" data-elementor-post-type=\"page\">\n\t\t\t\t\t\t<section class=\"elementor-section elementor-top-section elementor-element elementor-element-49bed0cc elementor-section-boxed elementor-section-height-default elementor-section-height-default\" data-id=\"49bed0cc\" data-element_type=\"section\" data-settings=\"{&quot;background_background&quot;:&quot;classic&quot;}\">\n\t\t\t\t\t\t<div class=\"elementor-container elementor-column-gap-default\">\n\t\t\t\t\t<div class=\"elementor-column elementor-col-50 elementor-top-column elementor-element elementor-element-5328d6c8\" data-id=\"5328d6c8\" data-element_type=\"column\">\n\t\t\t<div class=\"elementor-widget-wrap elementor-element-populated\">\n\t\t\t\t\t\t<div class=\"elementor-element elementor-element-de34e69 elementor-invisible elementor-widget elementor-widget-heading\" data-id=\"de34e69\" data-element_type=\"widget\" data-settings=\"{&quot;_animation&quot;:&quot;fadeInUp&quot;}\" data-widget_type=\"heading.default\">\n\t\t\t\t<div class=\"elementor-widget-container\">\n\t\t\t\t\t<h1 class=\"elementor-heading-title elementor-size-default\">Ambient<\/h1>\t\t\t\t<\/div>\n\t\t\t\t<\/div>\n\t\t\t\t<section class=\"elementor-section elementor-inner-section elementor-element elementor-element-42f88f4c elementor-section-boxed elementor-section-height-default elementor-section-height-default\" data-id=\"42f88f4c\" data-element_type=\"section\">\n\t\t\t\t\t\t<div class=\"elementor-container elementor-column-gap-default\">\n\t\t\t\t\t<div class=\"elementor-column elementor-col-100 elementor-inner-column elementor-element elementor-element-1cd55089\" data-id=\"1cd55089\" data-element_type=\"column\">\n\t\t\t<div class=\"elementor-widget-wrap elementor-element-populated\">\n\t\t\t\t\t\t<div class=\"elementor-element elementor-element-27715261 elementor-widget elementor-widget-text-editor\" data-id=\"27715261\" data-element_type=\"widget\" data-widget_type=\"text-editor.default\">\n\t\t\t\t<div class=\"elementor-widget-container\">\n\t\t\t\t\t\t\t\t\t<p>Bar-cafeteria on gaudir\u00e0s d&#8217;entrepans amb embotits de qualitat, brioixeria, caf\u00e8s, tapes i entrepans calents.<\/p><p>Oferim tot el futbol en pantalla gegant i disposem de billar per passar una bona estona. Ambient acollidor i ideal per esmorzar, prendre el vermut o reunir-te amb amics.  <strong>T&#8217;esperem!&#8221;<\/strong><\/p>\t\t\t\t\t\t\t\t<\/div>\n\t\t\t\t<\/div>\n\t\t\t\t\t<\/div>\n\t\t<\/div>\n\t\t\t\t\t<\/div>\n\t\t<\/section>\n\t\t\t\t\t<\/div>\n\t\t<\/div>\n\t\t\t\t<div class=\"elementor-column elementor-col-50 elementor-top-column elementor-element elementor-element-d0454b6\" data-id=\"d0454b6\" data-element_type=\"column\">\n\t\t\t<div class=\"elementor-widget-wrap\">\n\t\t\t\t\t\t\t<\/div>\n\t\t<\/div>\n\t\t\t\t\t<\/div>\n\t\t<\/section>\n\t\t\t\t<section class=\"elementor-section elementor-top-section elementor-element elementor-element-67713671 elementor-section-content-middle elementor-reverse-mobile elementor-section-boxed elementor-section-height-default elementor-section-height-default\" data-id=\"67713671\" data-element_type=\"section\">\n\t\t\t\t\t\t<div class=\"elementor-container elementor-column-gap-default\">\n\t\t\t\t\t<div class=\"elementor-column elementor-col-50 elementor-top-column elementor-element elementor-element-3490b5ca\" data-id=\"3490b5ca\" data-element_type=\"column\">\n\t\t\t<div class=\"elementor-widget-wrap elementor-element-populated\">\n\t\t\t\t\t\t<div class=\"elementor-element elementor-element-380271c1 elementor-invisible elementor-widget elementor-widget-heading\" data-id=\"380271c1\" data-element_type=\"widget\" data-settings=\"{&quot;_animation&quot;:&quot;fadeInUp&quot;}\" data-widget_type=\"heading.default\">\n\t\t\t\t<div class=\"elementor-widget-container\">\n\t\t\t\t\t<h2 class=\"elementor-heading-title elementor-size-default\">Interior<\/h2>\t\t\t\t<\/div>\n\t\t\t\t<\/div>\n\t\t\t\t<div class=\"elementor-element elementor-element-13e796e8 elementor-widget-divider--view-line elementor-widget elementor-widget-divider\" data-id=\"13e796e8\" data-element_type=\"widget\" data-widget_type=\"divider.default\">\n\t\t\t\t<div class=\"elementor-widget-container\">\n\t\t\t\t\t\t\t<div class=\"elementor-divider\">\n\t\t\t<span class=\"elementor-divider-separator\">\n\t\t\t\t\t\t<\/span>\n\t\t<\/div>\n\t\t\t\t\t\t<\/div>\n\t\t\t\t<\/div>\n\t\t\t\t<div class=\"elementor-element elementor-element-75c310a7 elementor-widget elementor-widget-text-editor\" data-id=\"75c310a7\" data-element_type=\"widget\" data-widget_type=\"text-editor.default\">\n\t\t\t\t<div class=\"elementor-widget-container\">\n\t\t\t\t\t\t\t\t\t<p>Oferim tot el futbol en pantalla gegant i disposem de billar per passar una bona estona.<\/p><p> <\/p>\t\t\t\t\t\t\t\t<\/div>\n\t\t\t\t<\/div>\n\t\t\t\t\t<\/div>\n\t\t<\/div>\n\t\t\t\t<div class=\"elementor-column elementor-col-50 elementor-top-column elementor-element elementor-element-3f8ca0be\" data-id=\"3f8ca0be\" data-element_type=\"column\">\n\t\t\t<div class=\"elementor-widget-wrap elementor-element-populated\">\n\t\t\t\t\t\t<section class=\"elementor-section elementor-inner-section elementor-element elementor-element-4806a79c elementor-section-boxed elementor-section-height-default elementor-section-height-default\" data-id=\"4806a79c\" data-element_type=\"section\">\n\t\t\t\t\t\t<div class=\"elementor-container elementor-column-gap-default\">\n\t\t\t\t\t<div class=\"elementor-column elementor-col-50 elementor-inner-column elementor-element elementor-element-44f2dab7\" data-id=\"44f2dab7\" data-element_type=\"column\">\n\t\t\t<div class=\"elementor-widget-wrap elementor-element-populated\">\n\t\t\t\t\t\t<div class=\"elementor-element elementor-element-4b11688 elementor-invisible elementor-widget elementor-widget-image\" data-id=\"4b11688\" data-element_type=\"widget\" data-settings=\"{&quot;_animation&quot;:&quot;fadeInUp&quot;,&quot;_animation_delay&quot;:&quot;100&quot;}\" data-widget_type=\"image.default\">\n\t\t\t\t<div class=\"elementor-widget-container\">\n\t\t\t\t\t\t\t\t\t\t\t\t\t\t\t<img fetchpriority=\"high\" decoding=\"async\" width=\"768\" height=\"1024\" src=\"https:\/\/angeluscafe.com\/wp-content\/uploads\/2025\/08\/angelus-cafe-9-768x1024.jpeg\" class=\"attachment-large size-large wp-image-258\" alt=\"Cafeteria \u00c1ngelus - Interior\" srcset=\"https:\/\/angeluscafe.com\/wp-content\/uploads\/2025\/08\/angelus-cafe-9-768x1024.jpeg 768w, https:\/\/angeluscafe.com\/wp-content\/uploads\/2025\/08\/angelus-cafe-9-225x300.jpeg 225w, https:\/\/angeluscafe.com\/wp-content\/uploads\/2025\/08\/angelus-cafe-9-1152x1536.jpeg 1152w, https:\/\/angeluscafe.com\/wp-content\/uploads\/2025\/08\/angelus-cafe-9.jpeg 1536w\" sizes=\"(max-width: 768px) 100vw, 768px\" \/>\t\t\t\t\t\t\t\t\t\t\t\t\t\t\t<\/div>\n\t\t\t\t<\/div>\n\t\t\t\t\t<\/div>\n\t\t<\/div>\n\t\t\t\t<div class=\"elementor-column elementor-col-50 elementor-inner-column elementor-element elementor-element-d07a76d\" data-id=\"d07a76d\" data-element_type=\"column\">\n\t\t\t<div class=\"elementor-widget-wrap elementor-element-populated\">\n\t\t\t\t\t\t<div class=\"elementor-element elementor-element-3b92cb05 elementor-invisible elementor-widget elementor-widget-image\" data-id=\"3b92cb05\" data-element_type=\"widget\" data-settings=\"{&quot;_animation&quot;:&quot;fadeInUp&quot;,&quot;_animation_delay&quot;:&quot;200&quot;}\" data-widget_type=\"image.default\">\n\t\t\t\t<div class=\"elementor-widget-container\">\n\t\t\t\t\t\t\t\t\t\t\t\t\t\t\t<img decoding=\"async\" width=\"768\" height=\"1024\" src=\"https:\/\/angeluscafe.com\/wp-content\/uploads\/2025\/08\/angelus-cafe-1-768x1024.jpeg\" class=\"attachment-large size-large wp-image-271\" alt=\"Cafeteria \u00c1ngelus - Interior\" srcset=\"https:\/\/angeluscafe.com\/wp-content\/uploads\/2025\/08\/angelus-cafe-1-768x1024.jpeg 768w, https:\/\/angeluscafe.com\/wp-content\/uploads\/2025\/08\/angelus-cafe-1-225x300.jpeg 225w, https:\/\/angeluscafe.com\/wp-content\/uploads\/2025\/08\/angelus-cafe-1-1152x1536.jpeg 1152w, https:\/\/angeluscafe.com\/wp-content\/uploads\/2025\/08\/angelus-cafe-1.jpeg 1500w\" sizes=\"(max-width: 768px) 100vw, 768px\" \/>\t\t\t\t\t\t\t\t\t\t\t\t\t\t\t<\/div>\n\t\t\t\t<\/div>\n\t\t\t\t\t<\/div>\n\t\t<\/div>\n\t\t\t\t\t<\/div>\n\t\t<\/section>\n\t\t\t\t<section class=\"elementor-section elementor-inner-section elementor-element elementor-element-f50c62e elementor-section-boxed elementor-section-height-default elementor-section-height-default\" data-id=\"f50c62e\" data-element_type=\"section\">\n\t\t\t\t\t\t<div class=\"elementor-container elementor-column-gap-default\">\n\t\t\t\t\t<div class=\"elementor-column elementor-col-50 elementor-inner-column elementor-element elementor-element-28aa175e\" data-id=\"28aa175e\" data-element_type=\"column\">\n\t\t\t<div class=\"elementor-widget-wrap elementor-element-populated\">\n\t\t\t\t\t\t<div class=\"elementor-element elementor-element-fe67f27 elementor-invisible elementor-widget elementor-widget-image\" data-id=\"fe67f27\" data-element_type=\"widget\" data-settings=\"{&quot;_animation&quot;:&quot;fadeInUp&quot;,&quot;_animation_delay&quot;:&quot;300&quot;}\" data-widget_type=\"image.default\">\n\t\t\t\t<div class=\"elementor-widget-container\">\n\t\t\t\t\t\t\t\t\t\t\t\t\t\t\t<img decoding=\"async\" width=\"768\" height=\"1024\" src=\"https:\/\/angeluscafe.com\/wp-content\/uploads\/2025\/08\/angelus-cafe-2-768x1024.jpeg\" class=\"attachment-large size-large wp-image-273\" alt=\"Cafeteria \u00c1ngelus - Interior\" srcset=\"https:\/\/angeluscafe.com\/wp-content\/uploads\/2025\/08\/angelus-cafe-2-768x1024.jpeg 768w, https:\/\/angeluscafe.com\/wp-content\/uploads\/2025\/08\/angelus-cafe-2-225x300.jpeg 225w, https:\/\/angeluscafe.com\/wp-content\/uploads\/2025\/08\/angelus-cafe-2-1152x1536.jpeg 1152w, https:\/\/angeluscafe.com\/wp-content\/uploads\/2025\/08\/angelus-cafe-2.jpeg 1500w\" sizes=\"(max-width: 768px) 100vw, 768px\" \/>\t\t\t\t\t\t\t\t\t\t\t\t\t\t\t<\/div>\n\t\t\t\t<\/div>\n\t\t\t\t\t<\/div>\n\t\t<\/div>\n\t\t\t\t<div class=\"elementor-column elementor-col-50 elementor-inner-column elementor-element elementor-element-77bdb161\" data-id=\"77bdb161\" data-element_type=\"column\">\n\t\t\t<div class=\"elementor-widget-wrap elementor-element-populated\">\n\t\t\t\t\t\t<div class=\"elementor-element elementor-element-5117993d elementor-invisible elementor-widget elementor-widget-image\" data-id=\"5117993d\" data-element_type=\"widget\" data-settings=\"{&quot;_animation&quot;:&quot;fadeInUp&quot;,&quot;_animation_delay&quot;:&quot;400&quot;}\" data-widget_type=\"image.default\">\n\t\t\t\t<div class=\"elementor-widget-container\">\n\t\t\t\t\t\t\t\t\t\t\t\t\t\t\t<img loading=\"lazy\" decoding=\"async\" width=\"768\" height=\"1024\" src=\"https:\/\/angeluscafe.com\/wp-content\/uploads\/2025\/08\/angelus-cafe-8-768x1024.jpeg\" class=\"attachment-large size-large wp-image-285\" alt=\"Cafeteria \u00c1ngelus - Interior\" srcset=\"https:\/\/angeluscafe.com\/wp-content\/uploads\/2025\/08\/angelus-cafe-8-768x1024.jpeg 768w, https:\/\/angeluscafe.com\/wp-content\/uploads\/2025\/08\/angelus-cafe-8-225x300.jpeg 225w, https:\/\/angeluscafe.com\/wp-content\/uploads\/2025\/08\/angelus-cafe-8-1152x1536.jpeg 1152w, https:\/\/angeluscafe.com\/wp-content\/uploads\/2025\/08\/angelus-cafe-8.jpeg 1200w\" sizes=\"(max-width: 768px) 100vw, 768px\" \/>\t\t\t\t\t\t\t\t\t\t\t\t\t\t\t<\/div>\n\t\t\t\t<\/div>\n\t\t\t\t\t<\/div>\n\t\t<\/div>\n\t\t\t\t\t<\/div>\n\t\t<\/section>\n\t\t\t\t\t<\/div>\n\t\t<\/div>\n\t\t\t\t\t<\/div>\n\t\t<\/section>\n\t\t\t\t<section class=\"elementor-section elementor-top-section elementor-element elementor-element-3977c95a elementor-section-content-middle elementor-section-boxed elementor-section-height-default elementor-section-height-default\" data-id=\"3977c95a\" data-element_type=\"section\" data-settings=\"{&quot;background_background&quot;:&quot;classic&quot;}\">\n\t\t\t\t\t\t<div class=\"elementor-container elementor-column-gap-default\">\n\t\t\t\t\t<div class=\"elementor-column elementor-col-50 elementor-top-column elementor-element elementor-element-909242d\" data-id=\"909242d\" data-element_type=\"column\">\n\t\t\t<div class=\"elementor-widget-wrap elementor-element-populated\">\n\t\t\t\t\t\t<div class=\"elementor-element elementor-element-5e0ab060 elementor-widget elementor-widget-image\" data-id=\"5e0ab060\" data-element_type=\"widget\" data-widget_type=\"image.default\">\n\t\t\t\t<div class=\"elementor-widget-container\">\n\t\t\t\t\t\t\t\t\t\t\t\t\t\t\t<img loading=\"lazy\" decoding=\"async\" width=\"800\" height=\"600\" src=\"https:\/\/angeluscafe.com\/wp-content\/uploads\/2025\/08\/angelus-cafe-4-1024x768.jpeg\" class=\"attachment-large size-large wp-image-277\" alt=\"\" srcset=\"https:\/\/angeluscafe.com\/wp-content\/uploads\/2025\/08\/angelus-cafe-4-1024x768.jpeg 1024w, https:\/\/angeluscafe.com\/wp-content\/uploads\/2025\/08\/angelus-cafe-4-300x225.jpeg 300w, https:\/\/angeluscafe.com\/wp-content\/uploads\/2025\/08\/angelus-cafe-4-768x576.jpeg 768w, https:\/\/angeluscafe.com\/wp-content\/uploads\/2025\/08\/angelus-cafe-4-1536x1152.jpeg 1536w, https:\/\/angeluscafe.com\/wp-content\/uploads\/2025\/08\/angelus-cafe-4.jpeg 1600w\" sizes=\"(max-width: 800px) 100vw, 800px\" \/>\t\t\t\t\t\t\t\t\t\t\t\t\t\t\t<\/div>\n\t\t\t\t<\/div>\n\t\t\t\t<div class=\"elementor-element elementor-element-4af322fd elementor-widget__width-initial elementor-absolute elementor-widget elementor-widget-image\" data-id=\"4af322fd\" data-element_type=\"widget\" data-settings=\"{&quot;_position&quot;:&quot;absolute&quot;}\" data-widget_type=\"image.default\">\n\t\t\t\t<div class=\"elementor-widget-container\">\n\t\t\t\t\t\t\t\t\t\t\t\t\t\t\t<img loading=\"lazy\" decoding=\"async\" width=\"515\" height=\"535\" src=\"https:\/\/angeluscafe.com\/wp-content\/uploads\/2025\/07\/Rectangle-13.jpg\" class=\"attachment-large size-large wp-image-154\" alt=\"\" srcset=\"https:\/\/angeluscafe.com\/wp-content\/uploads\/2025\/07\/Rectangle-13.jpg 515w, https:\/\/angeluscafe.com\/wp-content\/uploads\/2025\/07\/Rectangle-13-289x300.jpg 289w\" sizes=\"(max-width: 515px) 100vw, 515px\" \/>\t\t\t\t\t\t\t\t\t\t\t\t\t\t\t<\/div>\n\t\t\t\t<\/div>\n\t\t\t\t\t<\/div>\n\t\t<\/div>\n\t\t\t\t<div class=\"elementor-column elementor-col-50 elementor-top-column elementor-element elementor-element-72a0357e\" data-id=\"72a0357e\" data-element_type=\"column\">\n\t\t\t<div class=\"elementor-widget-wrap elementor-element-populated\">\n\t\t\t\t\t\t<div class=\"elementor-element elementor-element-308f9739 elementor-invisible elementor-widget elementor-widget-heading\" data-id=\"308f9739\" data-element_type=\"widget\" data-settings=\"{&quot;_animation&quot;:&quot;fadeInUp&quot;}\" data-widget_type=\"heading.default\">\n\t\t\t\t<div class=\"elementor-widget-container\">\n\t\t\t\t\t<h2 class=\"elementor-heading-title elementor-size-default\">On el temps es gaudeix a poc a poc<\/h2>\t\t\t\t<\/div>\n\t\t\t\t<\/div>\n\t\t\t\t<div class=\"elementor-element elementor-element-76184b83 elementor-widget elementor-widget-text-editor\" data-id=\"76184b83\" data-element_type=\"widget\" data-widget_type=\"text-editor.default\">\n\t\t\t\t<div class=\"elementor-widget-container\">\n\t\t\t\t\t\t\t\t\t<p>A <strong data-start=\"184\" data-end=\"202\">L&#8217;Angelus Caf\u00e8<\/strong> cada visita \u00e9s una invitaci\u00f3 a relaxar-te, gaudir i compartir. Des de l&#8217;aroma inconfusible dels nostres caf\u00e8s acabats de moldre fins a la calidesa del nostre ambient, tot est\u00e0 pensat perqu\u00e8 et sentis com a casa. Vine a assaborir els nostres entrepans, tapes i dol\u00e7os, mentre xerrades amb amics o gaudeixes d&#8217;un moment per a tu. Aqu\u00ed, el temps s&#8217;atura perqu\u00e8 visquis cada instant.<\/p>\t\t\t\t\t\t\t\t<\/div>\n\t\t\t\t<\/div>\n\t\t\t\t<div class=\"elementor-element elementor-element-607489b6 elementor-widget__width-auto elementor-widget elementor-widget-button\" data-id=\"607489b6\" data-element_type=\"widget\" data-widget_type=\"button.default\">\n\t\t\t\t<div class=\"elementor-widget-container\">\n\t\t\t\t\t\t\t\t\t<div class=\"elementor-button-wrapper\">\n\t\t\t\t\t<a class=\"elementor-button elementor-button-link elementor-size-md\" href=\"https:\/\/angeluscafe.com\/ca\/ubicacio\/\">\n\t\t\t\t\t\t<span class=\"elementor-button-content-wrapper\">\n\t\t\t\t\t\t\t\t\t<span class=\"elementor-button-text\">Ubicaci\u00f3<\/span>\n\t\t\t\t\t<\/span>\n\t\t\t\t\t<\/a>\n\t\t\t\t<\/div>\n\t\t\t\t\t\t\t\t<\/div>\n\t\t\t\t<\/div>\n\t\t\t\t\t<\/div>\n\t\t<\/div>\n\t\t\t\t\t<\/div>\n\t\t<\/section>\n\t\t\t\t<\/div>\n\t\t","protected":false},"excerpt":{"rendered":"<p>Ambient Bar-cafeteria on gaudir\u00e0s d&#8217;entrepans amb embotits de qualitat, brioixeria, caf\u00e8s, tapes i entrepans calents. Oferim tot el futbol en pantalla gegant i disposem de billar per passar una bona estona. Ambient acollidor i ideal per esmorzar, prendre el vermut o reunir-te amb amics. T&#8217;esperem!&#8221; Interior Oferim tot el futbol en pantalla gegant i disposem [&hellip;]<\/p>\n","protected":false},"author":1,"featured_media":0,"parent":0,"menu_order":400,"comment_status":"closed","ping_status":"closed","template":"elementor_header_footer","meta":{"_joinchat":[],"footnotes":""},"class_list":["post-352","page","type-page","status-publish","hentry"],"yoast_head":"<!-- This site is optimized with the Yoast SEO plugin v25.6 - https:\/\/yoast.com\/wordpress\/plugins\/seo\/ -->\n<title>Ambient - L&#039;\u00c0ngelus Caf\u00e8<\/title>\n<meta name=\"robots\" content=\"index, follow, max-snippet:-1, max-image-preview:large, max-video-preview:-1\" \/>\n<link rel=\"canonical\" href=\"https:\/\/angeluscafe.com\/ca\/ambient\/\" \/>\n<meta property=\"og:locale\" content=\"ca_ES\" \/>\n<meta property=\"og:type\" content=\"article\" \/>\n<meta property=\"og:title\" content=\"Ambient - L&#039;\u00c0ngelus Caf\u00e8\" \/>\n<meta property=\"og:description\" content=\"Ambient Bar-cafeteria on gaudir\u00e0s d&#8217;entrepans amb embotits de qualitat, brioixeria, caf\u00e8s, tapes i entrepans calents. Oferim tot el futbol en pantalla gegant i disposem de billar per passar una bona estona. Ambient acollidor i ideal per esmorzar, prendre el vermut o reunir-te amb amics. T&#8217;esperem!&#8221; Interior Oferim tot el futbol en pantalla gegant i disposem [&hellip;]\" \/>\n<meta property=\"og:url\" content=\"https:\/\/angeluscafe.com\/ca\/ambient\/\" \/>\n<meta property=\"og:site_name\" content=\"L&#039;\u00c0ngelus Caf\u00e8\" \/>\n<meta property=\"article:modified_time\" content=\"2025-08-12T15:42:15+00:00\" \/>\n<meta property=\"og:image\" content=\"https:\/\/angeluscafe.com\/wp-content\/uploads\/2025\/08\/angelus-cafe-9.jpeg\" \/>\n\t<meta property=\"og:image:width\" content=\"1536\" \/>\n\t<meta property=\"og:image:height\" content=\"2048\" \/>\n\t<meta property=\"og:image:type\" content=\"image\/jpeg\" \/>\n<meta name=\"twitter:card\" content=\"summary_large_image\" \/>\n<meta name=\"twitter:label1\" content=\"Temps estimat de lectura\" \/>\n\t<meta name=\"twitter:data1\" content=\"1 minut\" \/>\n<script type=\"application\/ld+json\" class=\"yoast-schema-graph\">{\"@context\":\"https:\/\/schema.org\",\"@graph\":[{\"@type\":\"WebPage\",\"@id\":\"https:\/\/angeluscafe.com\/ca\/ambient\/\",\"url\":\"https:\/\/angeluscafe.com\/ca\/ambient\/\",\"name\":\"Ambient - L&#039;\u00c0ngelus Caf\u00e8\",\"isPartOf\":{\"@id\":\"https:\/\/angeluscafe.com\/ca\/#website\"},\"primaryImageOfPage\":{\"@id\":\"https:\/\/angeluscafe.com\/ca\/ambient\/#primaryimage\"},\"image\":{\"@id\":\"https:\/\/angeluscafe.com\/ca\/ambient\/#primaryimage\"},\"thumbnailUrl\":\"https:\/\/angeluscafe.com\/wp-content\/uploads\/2025\/08\/angelus-cafe-9-768x1024.jpeg\",\"datePublished\":\"2025-08-12T07:06:17+00:00\",\"dateModified\":\"2025-08-12T15:42:15+00:00\",\"breadcrumb\":{\"@id\":\"https:\/\/angeluscafe.com\/ca\/ambient\/#breadcrumb\"},\"inLanguage\":\"ca\",\"potentialAction\":[{\"@type\":\"ReadAction\",\"target\":[\"https:\/\/angeluscafe.com\/ca\/ambient\/\"]}]},{\"@type\":\"ImageObject\",\"inLanguage\":\"ca\",\"@id\":\"https:\/\/angeluscafe.com\/ca\/ambient\/#primaryimage\",\"url\":\"https:\/\/angeluscafe.com\/wp-content\/uploads\/2025\/08\/angelus-cafe-9-768x1024.jpeg\",\"contentUrl\":\"https:\/\/angeluscafe.com\/wp-content\/uploads\/2025\/08\/angelus-cafe-9-768x1024.jpeg\"},{\"@type\":\"BreadcrumbList\",\"@id\":\"https:\/\/angeluscafe.com\/ca\/ambient\/#breadcrumb\",\"itemListElement\":[{\"@type\":\"ListItem\",\"position\":1,\"name\":\"Portada\",\"item\":\"https:\/\/angeluscafe.com\/ca\/\"},{\"@type\":\"ListItem\",\"position\":2,\"name\":\"Ambient\"}]},{\"@type\":\"WebSite\",\"@id\":\"https:\/\/angeluscafe.com\/ca\/#website\",\"url\":\"https:\/\/angeluscafe.com\/ca\/\",\"name\":\"L&#039;\u00c0ngelus Caf\u00e8\",\"description\":\"\",\"publisher\":{\"@id\":\"https:\/\/angeluscafe.com\/ca\/#organization\"},\"potentialAction\":[{\"@type\":\"SearchAction\",\"target\":{\"@type\":\"EntryPoint\",\"urlTemplate\":\"https:\/\/angeluscafe.com\/ca\/?s={search_term_string}\"},\"query-input\":{\"@type\":\"PropertyValueSpecification\",\"valueRequired\":true,\"valueName\":\"search_term_string\"}}],\"inLanguage\":\"ca\"},{\"@type\":\"Organization\",\"@id\":\"https:\/\/angeluscafe.com\/ca\/#organization\",\"name\":\"L&#039;\u00c0ngelus Caf\u00e8\",\"url\":\"https:\/\/angeluscafe.com\/ca\/\",\"logo\":{\"@type\":\"ImageObject\",\"inLanguage\":\"ca\",\"@id\":\"https:\/\/angeluscafe.com\/ca\/#\/schema\/logo\/image\/\",\"url\":\"https:\/\/angeluscafe.com\/wp-content\/uploads\/2025\/07\/cropped-logo-angelus-cafe-marron-e1755010077302.png\",\"contentUrl\":\"https:\/\/angeluscafe.com\/wp-content\/uploads\/2025\/07\/cropped-logo-angelus-cafe-marron-e1755010077302.png\",\"width\":1436,\"height\":411,\"caption\":\"L&#039;\u00c0ngelus Caf\u00e8\"},\"image\":{\"@id\":\"https:\/\/angeluscafe.com\/ca\/#\/schema\/logo\/image\/\"}}]}<\/script>\n<!-- \/ Yoast SEO plugin. -->","yoast_head_json":{"title":"Ambient - L&#039;\u00c0ngelus Caf\u00e8","robots":{"index":"index","follow":"follow","max-snippet":"max-snippet:-1","max-image-preview":"max-image-preview:large","max-video-preview":"max-video-preview:-1"},"canonical":"https:\/\/angeluscafe.com\/ca\/ambient\/","og_locale":"ca_ES","og_type":"article","og_title":"Ambient - L&#039;\u00c0ngelus Caf\u00e8","og_description":"Ambient Bar-cafeteria on gaudir\u00e0s d&#8217;entrepans amb embotits de qualitat, brioixeria, caf\u00e8s, tapes i entrepans calents. Oferim tot el futbol en pantalla gegant i disposem de billar per passar una bona estona. Ambient acollidor i ideal per esmorzar, prendre el vermut o reunir-te amb amics. T&#8217;esperem!&#8221; Interior Oferim tot el futbol en pantalla gegant i disposem [&hellip;]","og_url":"https:\/\/angeluscafe.com\/ca\/ambient\/","og_site_name":"L&#039;\u00c0ngelus Caf\u00e8","article_modified_time":"2025-08-12T15:42:15+00:00","og_image":[{"width":1536,"height":2048,"url":"https:\/\/angeluscafe.com\/wp-content\/uploads\/2025\/08\/angelus-cafe-9.jpeg","type":"image\/jpeg"}],"twitter_card":"summary_large_image","twitter_misc":{"Temps estimat de lectura":"1 minut"},"schema":{"@context":"https:\/\/schema.org","@graph":[{"@type":"WebPage","@id":"https:\/\/angeluscafe.com\/ca\/ambient\/","url":"https:\/\/angeluscafe.com\/ca\/ambient\/","name":"Ambient - L&#039;\u00c0ngelus Caf\u00e8","isPartOf":{"@id":"https:\/\/angeluscafe.com\/ca\/#website"},"primaryImageOfPage":{"@id":"https:\/\/angeluscafe.com\/ca\/ambient\/#primaryimage"},"image":{"@id":"https:\/\/angeluscafe.com\/ca\/ambient\/#primaryimage"},"thumbnailUrl":"https:\/\/angeluscafe.com\/wp-content\/uploads\/2025\/08\/angelus-cafe-9-768x1024.jpeg","datePublished":"2025-08-12T07:06:17+00:00","dateModified":"2025-08-12T15:42:15+00:00","breadcrumb":{"@id":"https:\/\/angeluscafe.com\/ca\/ambient\/#breadcrumb"},"inLanguage":"ca","potentialAction":[{"@type":"ReadAction","target":["https:\/\/angeluscafe.com\/ca\/ambient\/"]}]},{"@type":"ImageObject","inLanguage":"ca","@id":"https:\/\/angeluscafe.com\/ca\/ambient\/#primaryimage","url":"https:\/\/angeluscafe.com\/wp-content\/uploads\/2025\/08\/angelus-cafe-9-768x1024.jpeg","contentUrl":"https:\/\/angeluscafe.com\/wp-content\/uploads\/2025\/08\/angelus-cafe-9-768x1024.jpeg"},{"@type":"BreadcrumbList","@id":"https:\/\/angeluscafe.com\/ca\/ambient\/#breadcrumb","itemListElement":[{"@type":"ListItem","position":1,"name":"Portada","item":"https:\/\/angeluscafe.com\/ca\/"},{"@type":"ListItem","position":2,"name":"Ambient"}]},{"@type":"WebSite","@id":"https:\/\/angeluscafe.com\/ca\/#website","url":"https:\/\/angeluscafe.com\/ca\/","name":"L&#039;\u00c0ngelus Caf\u00e8","description":"","publisher":{"@id":"https:\/\/angeluscafe.com\/ca\/#organization"},"potentialAction":[{"@type":"SearchAction","target":{"@type":"EntryPoint","urlTemplate":"https:\/\/angeluscafe.com\/ca\/?s={search_term_string}"},"query-input":{"@type":"PropertyValueSpecification","valueRequired":true,"valueName":"search_term_string"}}],"inLanguage":"ca"},{"@type":"Organization","@id":"https:\/\/angeluscafe.com\/ca\/#organization","name":"L&#039;\u00c0ngelus Caf\u00e8","url":"https:\/\/angeluscafe.com\/ca\/","logo":{"@type":"ImageObject","inLanguage":"ca","@id":"https:\/\/angeluscafe.com\/ca\/#\/schema\/logo\/image\/","url":"https:\/\/angeluscafe.com\/wp-content\/uploads\/2025\/07\/cropped-logo-angelus-cafe-marron-e1755010077302.png","contentUrl":"https:\/\/angeluscafe.com\/wp-content\/uploads\/2025\/07\/cropped-logo-angelus-cafe-marron-e1755010077302.png","width":1436,"height":411,"caption":"L&#039;\u00c0ngelus Caf\u00e8"},"image":{"@id":"https:\/\/angeluscafe.com\/ca\/#\/schema\/logo\/image\/"}}]}},"_links":{"self":[{"href":"https:\/\/angeluscafe.com\/ca\/wp-json\/wp\/v2\/pages\/352","targetHints":{"allow":["GET"]}}],"collection":[{"href":"https:\/\/angeluscafe.com\/ca\/wp-json\/wp\/v2\/pages"}],"about":[{"href":"https:\/\/angeluscafe.com\/ca\/wp-json\/wp\/v2\/types\/page"}],"author":[{"embeddable":true,"href":"https:\/\/angeluscafe.com\/ca\/wp-json\/wp\/v2\/users\/1"}],"replies":[{"embeddable":true,"href":"https:\/\/angeluscafe.com\/ca\/wp-json\/wp\/v2\/comments?post=352"}],"version-history":[{"count":3,"href":"https:\/\/angeluscafe.com\/ca\/wp-json\/wp\/v2\/pages\/352\/revisions"}],"predecessor-version":[{"id":367,"href":"https:\/\/angeluscafe.com\/ca\/wp-json\/wp\/v2\/pages\/352\/revisions\/367"}],"wp:attachment":[{"href":"https:\/\/angeluscafe.com\/ca\/wp-json\/wp\/v2\/media?parent=352"}],"curies":[{"name":"wp","href":"https:\/\/api.w.org\/{rel}","templated":true}]}}