{"id":350,"date":"2025-08-12T06:50:11","date_gmt":"2025-08-12T06:50:11","guid":{"rendered":"https:\/\/angeluscafe.com\/ubicacio\/"},"modified":"2025-08-12T15:38:56","modified_gmt":"2025-08-12T15:38:56","slug":"ubicacio","status":"publish","type":"page","link":"https:\/\/angeluscafe.com\/ca\/ubicacio\/","title":{"rendered":"Ubicaci\u00f3"},"content":{"rendered":"\t\t<div data-elementor-type=\"wp-page\" data-elementor-id=\"350\" class=\"elementor elementor-350 elementor-237\" data-elementor-post-type=\"page\">\n\t\t\t\t\t\t<section class=\"elementor-section elementor-top-section elementor-element elementor-element-2d4c6386 elementor-section-boxed elementor-section-height-default elementor-section-height-default\" data-id=\"2d4c6386\" data-element_type=\"section\" data-settings=\"{&quot;background_background&quot;:&quot;classic&quot;}\">\n\t\t\t\t\t\t<div class=\"elementor-container elementor-column-gap-default\">\n\t\t\t\t\t<div class=\"elementor-column elementor-col-100 elementor-top-column elementor-element elementor-element-2751f929\" data-id=\"2751f929\" data-element_type=\"column\">\n\t\t\t<div class=\"elementor-widget-wrap elementor-element-populated\">\n\t\t\t\t\t\t<section class=\"elementor-section elementor-inner-section elementor-element elementor-element-78353764 elementor-section-content-middle elementor-section-boxed elementor-section-height-default elementor-section-height-default\" data-id=\"78353764\" data-element_type=\"section\">\n\t\t\t\t\t\t<div class=\"elementor-container elementor-column-gap-default\">\n\t\t\t\t\t<div class=\"elementor-column elementor-col-50 elementor-inner-column elementor-element elementor-element-6cc6539c\" data-id=\"6cc6539c\" data-element_type=\"column\">\n\t\t\t<div class=\"elementor-widget-wrap elementor-element-populated\">\n\t\t\t\t\t\t<div class=\"elementor-element elementor-element-42f39998 elementor-invisible elementor-widget elementor-widget-heading\" data-id=\"42f39998\" data-element_type=\"widget\" data-settings=\"{&quot;_animation&quot;:&quot;fadeInUp&quot;}\" data-widget_type=\"heading.default\">\n\t\t\t\t<div class=\"elementor-widget-container\">\n\t\t\t\t\t<h1 class=\"elementor-heading-title elementor-size-default\">Ubicaci\u00f3<\/h1>\t\t\t\t<\/div>\n\t\t\t\t<\/div>\n\t\t\t\t\t<\/div>\n\t\t<\/div>\n\t\t\t\t<div class=\"elementor-column elementor-col-50 elementor-inner-column elementor-element elementor-element-56a73dac\" data-id=\"56a73dac\" data-element_type=\"column\">\n\t\t\t<div class=\"elementor-widget-wrap elementor-element-populated\">\n\t\t\t\t\t\t<div class=\"elementor-element elementor-element-5b6a172f elementor-widget elementor-widget-text-editor\" data-id=\"5b6a172f\" data-element_type=\"widget\" data-widget_type=\"text-editor.default\">\n\t\t\t\t<div class=\"elementor-widget-container\">\n\t\t\t\t\t\t\t\t\t<p><a style=\"color: #000;\" href=\"https:\/\/share.google\/t1rpdSfpS8lGzhr6f\" target=\"_blank\" rel=\"noopener\">Carrer Santa Llogaia, 5, 17600 Figueres, Girona<\/a><\/p>\t\t\t\t\t\t\t\t<\/div>\n\t\t\t\t<\/div>\n\t\t\t\t\t<\/div>\n\t\t<\/div>\n\t\t\t\t\t<\/div>\n\t\t<\/section>\n\t\t\t\t<section class=\"elementor-section elementor-inner-section elementor-element elementor-element-44a80d1e elementor-section-boxed elementor-section-height-default elementor-section-height-default\" data-id=\"44a80d1e\" data-element_type=\"section\">\n\t\t\t\t\t\t<div class=\"elementor-container elementor-column-gap-default\">\n\t\t\t\t\t<div class=\"elementor-column elementor-col-50 elementor-inner-column elementor-element elementor-element-125c060f\" data-id=\"125c060f\" data-element_type=\"column\">\n\t\t\t<div class=\"elementor-widget-wrap elementor-element-populated\">\n\t\t\t\t\t\t<div class=\"elementor-element elementor-element-4ce6b039 elementor-widget__width-initial elementor-absolute elementor-invisible elementor-widget elementor-widget-image\" data-id=\"4ce6b039\" data-element_type=\"widget\" data-settings=\"{&quot;_animation&quot;:&quot;fadeInUp&quot;,&quot;_animation_delay&quot;:&quot;200&quot;,&quot;_position&quot;:&quot;absolute&quot;}\" data-widget_type=\"image.default\">\n\t\t\t\t<div class=\"elementor-widget-container\">\n\t\t\t\t\t\t\t\t\t\t\t\t\t\t\t<img fetchpriority=\"high\" decoding=\"async\" width=\"698\" height=\"558\" src=\"https:\/\/angeluscafe.com\/wp-content\/uploads\/2025\/07\/Group-1.png\" class=\"attachment-large size-large wp-image-34\" alt=\"\" srcset=\"https:\/\/angeluscafe.com\/wp-content\/uploads\/2025\/07\/Group-1.png 698w, https:\/\/angeluscafe.com\/wp-content\/uploads\/2025\/07\/Group-1-300x240.png 300w\" sizes=\"(max-width: 698px) 100vw, 698px\" \/>\t\t\t\t\t\t\t\t\t\t\t\t\t\t\t<\/div>\n\t\t\t\t<\/div>\n\t\t\t\t<div class=\"elementor-element elementor-element-7f3c2f80 elementor-invisible elementor-widget elementor-widget-image\" data-id=\"7f3c2f80\" data-element_type=\"widget\" data-settings=\"{&quot;_animation&quot;:&quot;fadeInLeft&quot;,&quot;_animation_delay&quot;:&quot;100&quot;}\" data-widget_type=\"image.default\">\n\t\t\t\t<div class=\"elementor-widget-container\">\n\t\t\t\t\t\t\t\t\t\t\t\t\t\t\t<img decoding=\"async\" width=\"768\" height=\"1024\" src=\"https:\/\/angeluscafe.com\/wp-content\/uploads\/2025\/08\/angelus-cafe-10-768x1024.jpeg\" class=\"attachment-large size-large wp-image-256\" alt=\"Cafeter\u00eda \u00c1ngelus - Exterior\" srcset=\"https:\/\/angeluscafe.com\/wp-content\/uploads\/2025\/08\/angelus-cafe-10-768x1024.jpeg 768w, https:\/\/angeluscafe.com\/wp-content\/uploads\/2025\/08\/angelus-cafe-10-225x300.jpeg 225w, https:\/\/angeluscafe.com\/wp-content\/uploads\/2025\/08\/angelus-cafe-10-1152x1536.jpeg 1152w, https:\/\/angeluscafe.com\/wp-content\/uploads\/2025\/08\/angelus-cafe-10.jpeg 1536w\" sizes=\"(max-width: 768px) 100vw, 768px\" \/>\t\t\t\t\t\t\t\t\t\t\t\t\t\t\t<\/div>\n\t\t\t\t<\/div>\n\t\t\t\t\t<\/div>\n\t\t<\/div>\n\t\t\t\t<div class=\"elementor-column elementor-col-50 elementor-inner-column elementor-element elementor-element-c63f9f5\" data-id=\"c63f9f5\" data-element_type=\"column\">\n\t\t\t<div class=\"elementor-widget-wrap elementor-element-populated\">\n\t\t\t\t\t\t<div class=\"elementor-element elementor-element-22e65715 elementor-invisible elementor-widget elementor-widget-image\" data-id=\"22e65715\" data-element_type=\"widget\" data-settings=\"{&quot;_animation&quot;:&quot;fadeInRight&quot;,&quot;_animation_delay&quot;:&quot;100&quot;}\" data-widget_type=\"image.default\">\n\t\t\t\t<div class=\"elementor-widget-container\">\n\t\t\t\t\t\t\t\t\t\t\t\t\t\t\t<img decoding=\"async\" width=\"768\" height=\"1024\" src=\"https:\/\/angeluscafe.com\/wp-content\/uploads\/2025\/08\/angelus-cafe-9-768x1024.jpeg\" class=\"attachment-large size-large wp-image-258\" alt=\"Cafeteria \u00c1ngelus - Interior\" srcset=\"https:\/\/angeluscafe.com\/wp-content\/uploads\/2025\/08\/angelus-cafe-9-768x1024.jpeg 768w, https:\/\/angeluscafe.com\/wp-content\/uploads\/2025\/08\/angelus-cafe-9-225x300.jpeg 225w, https:\/\/angeluscafe.com\/wp-content\/uploads\/2025\/08\/angelus-cafe-9-1152x1536.jpeg 1152w, https:\/\/angeluscafe.com\/wp-content\/uploads\/2025\/08\/angelus-cafe-9.jpeg 1536w\" sizes=\"(max-width: 768px) 100vw, 768px\" \/>\t\t\t\t\t\t\t\t\t\t\t\t\t\t\t<\/div>\n\t\t\t\t<\/div>\n\t\t\t\t\t<\/div>\n\t\t<\/div>\n\t\t\t\t\t<\/div>\n\t\t<\/section>\n\t\t\t\t\t<\/div>\n\t\t<\/div>\n\t\t\t\t\t<\/div>\n\t\t<\/section>\n\t\t\t\t<section class=\"elementor-section elementor-top-section elementor-element elementor-element-320eabef elementor-section-content-middle elementor-section-boxed elementor-section-height-default elementor-section-height-default\" data-id=\"320eabef\" data-element_type=\"section\">\n\t\t\t\t\t\t<div class=\"elementor-container elementor-column-gap-default\">\n\t\t\t\t\t<div class=\"elementor-column elementor-col-50 elementor-top-column elementor-element elementor-element-53f586d0\" data-id=\"53f586d0\" data-element_type=\"column\">\n\t\t\t<div class=\"elementor-widget-wrap elementor-element-populated\">\n\t\t\t\t\t\t<div class=\"elementor-element elementor-element-4cd689ff elementor-invisible elementor-widget elementor-widget-heading\" data-id=\"4cd689ff\" data-element_type=\"widget\" data-settings=\"{&quot;_animation&quot;:&quot;fadeInUp&quot;}\" data-widget_type=\"heading.default\">\n\t\t\t\t<div class=\"elementor-widget-container\">\n\t\t\t\t\t<h2 class=\"elementor-heading-title elementor-size-default\">Contactar<\/h2>\t\t\t\t<\/div>\n\t\t\t\t<\/div>\n\t\t\t\t<div class=\"elementor-element elementor-element-6c8e2356 elementor-widget-divider--view-line elementor-widget elementor-widget-divider\" data-id=\"6c8e2356\" data-element_type=\"widget\" data-widget_type=\"divider.default\">\n\t\t\t\t<div class=\"elementor-widget-container\">\n\t\t\t\t\t\t\t<div class=\"elementor-divider\">\n\t\t\t<span class=\"elementor-divider-separator\">\n\t\t\t\t\t\t<\/span>\n\t\t<\/div>\n\t\t\t\t\t\t<\/div>\n\t\t\t\t<\/div>\n\t\t\t\t<div class=\"elementor-element elementor-element-27ea9280 elementor-widget elementor-widget-text-editor\" data-id=\"27ea9280\" data-element_type=\"widget\" data-widget_type=\"text-editor.default\">\n\t\t\t\t<div class=\"elementor-widget-container\">\n\t\t\t\t\t\t\t\t\t<p>Ambient acollidor i ideal per esmorzar, prendre el vermut o reunir-te amb amics.  <\/p><p><strong>T&#8217;esperem!<\/strong><\/p>\t\t\t\t\t\t\t\t<\/div>\n\t\t\t\t<\/div>\n\t\t\t\t<section class=\"elementor-section elementor-inner-section elementor-element elementor-element-59c90cc9 elementor-section-boxed elementor-section-height-default elementor-section-height-default\" data-id=\"59c90cc9\" data-element_type=\"section\">\n\t\t\t\t\t\t<div class=\"elementor-container elementor-column-gap-default\">\n\t\t\t\t\t<div class=\"elementor-column elementor-col-100 elementor-inner-column elementor-element elementor-element-16b66e71\" data-id=\"16b66e71\" data-element_type=\"column\" data-settings=\"{&quot;background_background&quot;:&quot;classic&quot;}\">\n\t\t\t<div class=\"elementor-widget-wrap elementor-element-populated\">\n\t\t\t\t\t\t<div class=\"elementor-element elementor-element-ee21d8a elementor-widget__width-initial elementor-view-default elementor-widget elementor-widget-icon\" data-id=\"ee21d8a\" data-element_type=\"widget\" data-widget_type=\"icon.default\">\n\t\t\t\t<div class=\"elementor-widget-container\">\n\t\t\t\t\t\t\t<div class=\"elementor-icon-wrapper\">\n\t\t\t<div class=\"elementor-icon\">\n\t\t\t<svg aria-hidden=\"true\" class=\"e-font-icon-svg e-fas-phone-alt\" viewBox=\"0 0 512 512\" xmlns=\"http:\/\/www.w3.org\/2000\/svg\"><path d=\"M497.39 361.8l-112-48a24 24 0 0 0-28 6.9l-49.6 60.6A370.66 370.66 0 0 1 130.6 204.11l60.6-49.6a23.94 23.94 0 0 0 6.9-28l-48-112A24.16 24.16 0 0 0 122.6.61l-104 24A24 24 0 0 0 0 48c0 256.5 207.9 464 464 464a24 24 0 0 0 23.4-18.6l24-104a24.29 24.29 0 0 0-14.01-27.6z\"><\/path><\/svg>\t\t\t<\/div>\n\t\t<\/div>\n\t\t\t\t\t\t<\/div>\n\t\t\t\t<\/div>\n\t\t\t\t<div class=\"elementor-element elementor-element-bbb9d42 elementor-widget__width-initial elementor-widget elementor-widget-heading\" data-id=\"bbb9d42\" data-element_type=\"widget\" data-widget_type=\"heading.default\">\n\t\t\t\t<div class=\"elementor-widget-container\">\n\t\t\t\t\t<span class=\"elementor-heading-title elementor-size-default\">  972 64 78 67<\/span>\t\t\t\t<\/div>\n\t\t\t\t<\/div>\n\t\t\t\t\t<\/div>\n\t\t<\/div>\n\t\t\t\t\t<\/div>\n\t\t<\/section>\n\t\t\t\t\t<\/div>\n\t\t<\/div>\n\t\t\t\t<div class=\"elementor-column elementor-col-50 elementor-top-column elementor-element elementor-element-686d079f\" data-id=\"686d079f\" data-element_type=\"column\">\n\t\t\t<div class=\"elementor-widget-wrap elementor-element-populated\">\n\t\t\t\t\t\t<div class=\"elementor-element elementor-element-4198d78 elementor-button-align-stretch elementor-widget elementor-widget-form\" data-id=\"4198d78\" data-element_type=\"widget\" data-settings=\"{&quot;step_next_label&quot;:&quot;Seg\\u00fcent&quot;,&quot;step_previous_label&quot;:&quot;Anterior&quot;,&quot;button_width&quot;:&quot;100&quot;,&quot;step_type&quot;:&quot;number_text&quot;,&quot;step_icon_shape&quot;:&quot;circle&quot;}\" data-widget_type=\"form.default\">\n\t\t\t\t<div class=\"elementor-widget-container\">\n\t\t\t\t\t\t\t<form class=\"elementor-form\" method=\"post\" name=\"New Form\" aria-label=\"New Form\">\n\t\t\t<input type=\"hidden\" name=\"post_id\" value=\"350\"\/>\n\t\t\t<input type=\"hidden\" name=\"form_id\" value=\"4198d78\"\/>\n\t\t\t<input type=\"hidden\" name=\"referer_title\" value=\"Ubicaci\u00f3 - L&#039;\u00c0ngelus Caf\u00e8\" \/>\n\n\t\t\t\t\t\t\t<input type=\"hidden\" name=\"queried_id\" value=\"350\"\/>\n\t\t\t\n\t\t\t<div class=\"elementor-form-fields-wrapper elementor-labels-above\">\n\t\t\t\t\t\t\t\t<div class=\"elementor-field-type-text elementor-field-group elementor-column elementor-field-group-name elementor-col-100\">\n\t\t\t\t\t\t\t\t\t\t\t\t\t<input size=\"1\" type=\"text\" name=\"form_fields[name]\" id=\"form-field-name\" class=\"elementor-field elementor-size-sm  elementor-field-textual\" placeholder=\"Nom\">\n\t\t\t\t\t\t\t\t\t\t\t<\/div>\n\t\t\t\t\t\t\t\t<div class=\"elementor-field-type-email elementor-field-group elementor-column elementor-field-group-email elementor-col-100\">\n\t\t\t\t\t\t\t\t\t\t\t\t\t<input size=\"1\" type=\"email\" name=\"form_fields[email]\" id=\"form-field-email\" class=\"elementor-field elementor-size-sm  elementor-field-textual\" placeholder=\"Email\">\n\t\t\t\t\t\t\t\t\t\t\t<\/div>\n\t\t\t\t\t\t\t\t<div class=\"elementor-field-type-tel elementor-field-group elementor-column elementor-field-group-field_4950b1a elementor-col-100 elementor-field-required\">\n\t\t\t\t\t\t\t<input size=\"1\" type=\"tel\" name=\"form_fields[field_4950b1a]\" id=\"form-field-field_4950b1a\" class=\"elementor-field elementor-size-sm  elementor-field-textual\" placeholder=\"Tel\u00e8fon\" required=\"required\" pattern=\"[0-9()#&amp;+*-=.]+\" title=\"Only numbers and phone characters (#, -, *, etc) are accepted.\">\n\n\t\t\t\t\t\t<\/div>\n\t\t\t\t\t\t\t\t<div class=\"elementor-field-type-textarea elementor-field-group elementor-column elementor-field-group-message elementor-col-100\">\n\t\t\t\t\t<textarea class=\"elementor-field-textual elementor-field  elementor-size-sm\" name=\"form_fields[message]\" id=\"form-field-message\" rows=\"6\" placeholder=\"Missatge...\"><\/textarea>\t\t\t\t<\/div>\n\t\t\t\t\t\t\t\t<div class=\"elementor-field-group elementor-column elementor-field-type-submit elementor-col-100 e-form__buttons\">\n\t\t\t\t\t<button class=\"elementor-button elementor-size-md\" type=\"submit\">\n\t\t\t\t\t\t<span class=\"elementor-button-content-wrapper\">\n\t\t\t\t\t\t\t\t\t\t\t\t\t\t\t\t\t\t\t\t\t\t<span class=\"elementor-button-text\">Enviar<\/span>\n\t\t\t\t\t\t\t\t\t\t\t\t\t<\/span>\n\t\t\t\t\t<\/button>\n\t\t\t\t<\/div>\n\t\t\t<\/div>\n\t\t<\/form>\n\t\t\t\t\t\t<\/div>\n\t\t\t\t<\/div>\n\t\t\t\t\t<\/div>\n\t\t<\/div>\n\t\t\t\t\t<\/div>\n\t\t<\/section>\n\t\t<div class=\"elementor-element elementor-element-7e91787 e-con-full e-flex e-con e-parent\" data-id=\"7e91787\" data-element_type=\"container\">\n\t\t\t\t<div class=\"elementor-element elementor-element-6a7d8c9 elementor-widget elementor-widget-text-editor\" data-id=\"6a7d8c9\" data-element_type=\"widget\" data-widget_type=\"text-editor.default\">\n\t\t\t\t<div class=\"elementor-widget-container\">\n\t\t\t\t\t\t\t\t\t<iframe src=\"https:\/\/www.google.com\/maps\/embed?pb=!1m18!1m12!1m3!1d2952.7021455487907!2d2.9602418!3d42.263532899999994!2m3!1f0!2f0!3f0!3m2!1i1024!2i768!4f13.1!3m3!1m2!1s0x12ba8ddbdb5c0075%3A0xe054470f67196deb!2sANGELUS%20CAFE%20-%20FIGUERES!5e0!3m2!1ses!2ses!4v1755008092567!5m2!1ses!2ses\" width=\"600\" height=\"450\" style=\"border:0;\" allowfullscreen=\"\" loading=\"lazy\" referrerpolicy=\"no-referrer-when-downgrade\"><\/iframe>\t\t\t\t\t\t\t\t<\/div>\n\t\t\t\t<\/div>\n\t\t\t\t<\/div>\n\t\t\t\t<\/div>\n\t\t","protected":false},"excerpt":{"rendered":"<p>Ubicaci\u00f3 Carrer Santa Llogaia, 5, 17600 Figueres, Girona Contactar Ambient acollidor i ideal per esmorzar, prendre el vermut o reunir-te amb amics. T&#8217;esperem! 972 64 78 67<\/p>\n","protected":false},"author":1,"featured_media":0,"parent":0,"menu_order":500,"comment_status":"closed","ping_status":"closed","template":"elementor_header_footer","meta":{"_joinchat":[],"footnotes":""},"class_list":["post-350","page","type-page","status-publish","hentry"],"yoast_head":"<!-- This site is optimized with the Yoast SEO plugin v25.6 - https:\/\/yoast.com\/wordpress\/plugins\/seo\/ -->\n<title>Ubicaci\u00f3 - L&#039;\u00c0ngelus Caf\u00e8<\/title>\n<meta name=\"robots\" content=\"index, follow, max-snippet:-1, max-image-preview:large, max-video-preview:-1\" \/>\n<link rel=\"canonical\" href=\"https:\/\/angeluscafe.com\/ca\/ubicacio\/\" \/>\n<meta property=\"og:locale\" content=\"ca_ES\" \/>\n<meta property=\"og:type\" content=\"article\" \/>\n<meta property=\"og:title\" content=\"Ubicaci\u00f3 - L&#039;\u00c0ngelus Caf\u00e8\" \/>\n<meta property=\"og:description\" content=\"Ubicaci\u00f3 Carrer Santa Llogaia, 5, 17600 Figueres, Girona Contactar Ambient acollidor i ideal per esmorzar, prendre el vermut o reunir-te amb amics. T&#8217;esperem! 972 64 78 67\" \/>\n<meta property=\"og:url\" content=\"https:\/\/angeluscafe.com\/ca\/ubicacio\/\" \/>\n<meta property=\"og:site_name\" content=\"L&#039;\u00c0ngelus Caf\u00e8\" \/>\n<meta property=\"article:modified_time\" content=\"2025-08-12T15:38:56+00:00\" \/>\n<meta property=\"og:image\" content=\"https:\/\/angeluscafe.com\/wp-content\/uploads\/2025\/07\/Group-1.png\" \/>\n\t<meta property=\"og:image:width\" content=\"698\" \/>\n\t<meta property=\"og:image:height\" content=\"558\" \/>\n\t<meta property=\"og:image:type\" content=\"image\/png\" \/>\n<meta name=\"twitter:card\" content=\"summary_large_image\" \/>\n<script type=\"application\/ld+json\" class=\"yoast-schema-graph\">{\"@context\":\"https:\/\/schema.org\",\"@graph\":[{\"@type\":\"WebPage\",\"@id\":\"https:\/\/angeluscafe.com\/ca\/ubicacio\/\",\"url\":\"https:\/\/angeluscafe.com\/ca\/ubicacio\/\",\"name\":\"Ubicaci\u00f3 - L&#039;\u00c0ngelus Caf\u00e8\",\"isPartOf\":{\"@id\":\"https:\/\/angeluscafe.com\/ca\/#website\"},\"primaryImageOfPage\":{\"@id\":\"https:\/\/angeluscafe.com\/ca\/ubicacio\/#primaryimage\"},\"image\":{\"@id\":\"https:\/\/angeluscafe.com\/ca\/ubicacio\/#primaryimage\"},\"thumbnailUrl\":\"https:\/\/angeluscafe.com\/wp-content\/uploads\/2025\/07\/Group-1.png\",\"datePublished\":\"2025-08-12T06:50:11+00:00\",\"dateModified\":\"2025-08-12T15:38:56+00:00\",\"breadcrumb\":{\"@id\":\"https:\/\/angeluscafe.com\/ca\/ubicacio\/#breadcrumb\"},\"inLanguage\":\"ca\",\"potentialAction\":[{\"@type\":\"ReadAction\",\"target\":[\"https:\/\/angeluscafe.com\/ca\/ubicacio\/\"]}]},{\"@type\":\"ImageObject\",\"inLanguage\":\"ca\",\"@id\":\"https:\/\/angeluscafe.com\/ca\/ubicacio\/#primaryimage\",\"url\":\"https:\/\/angeluscafe.com\/wp-content\/uploads\/2025\/07\/Group-1.png\",\"contentUrl\":\"https:\/\/angeluscafe.com\/wp-content\/uploads\/2025\/07\/Group-1.png\"},{\"@type\":\"BreadcrumbList\",\"@id\":\"https:\/\/angeluscafe.com\/ca\/ubicacio\/#breadcrumb\",\"itemListElement\":[{\"@type\":\"ListItem\",\"position\":1,\"name\":\"Portada\",\"item\":\"https:\/\/angeluscafe.com\/ca\/\"},{\"@type\":\"ListItem\",\"position\":2,\"name\":\"Ubicaci\u00f3\"}]},{\"@type\":\"WebSite\",\"@id\":\"https:\/\/angeluscafe.com\/ca\/#website\",\"url\":\"https:\/\/angeluscafe.com\/ca\/\",\"name\":\"L&#039;\u00c0ngelus Caf\u00e8\",\"description\":\"\",\"publisher\":{\"@id\":\"https:\/\/angeluscafe.com\/ca\/#organization\"},\"potentialAction\":[{\"@type\":\"SearchAction\",\"target\":{\"@type\":\"EntryPoint\",\"urlTemplate\":\"https:\/\/angeluscafe.com\/ca\/?s={search_term_string}\"},\"query-input\":{\"@type\":\"PropertyValueSpecification\",\"valueRequired\":true,\"valueName\":\"search_term_string\"}}],\"inLanguage\":\"ca\"},{\"@type\":\"Organization\",\"@id\":\"https:\/\/angeluscafe.com\/ca\/#organization\",\"name\":\"L&#039;\u00c0ngelus Caf\u00e8\",\"url\":\"https:\/\/angeluscafe.com\/ca\/\",\"logo\":{\"@type\":\"ImageObject\",\"inLanguage\":\"ca\",\"@id\":\"https:\/\/angeluscafe.com\/ca\/#\/schema\/logo\/image\/\",\"url\":\"https:\/\/angeluscafe.com\/wp-content\/uploads\/2025\/07\/cropped-logo-angelus-cafe-marron-e1755010077302.png\",\"contentUrl\":\"https:\/\/angeluscafe.com\/wp-content\/uploads\/2025\/07\/cropped-logo-angelus-cafe-marron-e1755010077302.png\",\"width\":1436,\"height\":411,\"caption\":\"L&#039;\u00c0ngelus Caf\u00e8\"},\"image\":{\"@id\":\"https:\/\/angeluscafe.com\/ca\/#\/schema\/logo\/image\/\"}}]}<\/script>\n<!-- \/ Yoast SEO plugin. -->","yoast_head_json":{"title":"Ubicaci\u00f3 - L&#039;\u00c0ngelus Caf\u00e8","robots":{"index":"index","follow":"follow","max-snippet":"max-snippet:-1","max-image-preview":"max-image-preview:large","max-video-preview":"max-video-preview:-1"},"canonical":"https:\/\/angeluscafe.com\/ca\/ubicacio\/","og_locale":"ca_ES","og_type":"article","og_title":"Ubicaci\u00f3 - L&#039;\u00c0ngelus Caf\u00e8","og_description":"Ubicaci\u00f3 Carrer Santa Llogaia, 5, 17600 Figueres, Girona Contactar Ambient acollidor i ideal per esmorzar, prendre el vermut o reunir-te amb amics. T&#8217;esperem! 972 64 78 67","og_url":"https:\/\/angeluscafe.com\/ca\/ubicacio\/","og_site_name":"L&#039;\u00c0ngelus Caf\u00e8","article_modified_time":"2025-08-12T15:38:56+00:00","og_image":[{"width":698,"height":558,"url":"https:\/\/angeluscafe.com\/wp-content\/uploads\/2025\/07\/Group-1.png","type":"image\/png"}],"twitter_card":"summary_large_image","schema":{"@context":"https:\/\/schema.org","@graph":[{"@type":"WebPage","@id":"https:\/\/angeluscafe.com\/ca\/ubicacio\/","url":"https:\/\/angeluscafe.com\/ca\/ubicacio\/","name":"Ubicaci\u00f3 - L&#039;\u00c0ngelus Caf\u00e8","isPartOf":{"@id":"https:\/\/angeluscafe.com\/ca\/#website"},"primaryImageOfPage":{"@id":"https:\/\/angeluscafe.com\/ca\/ubicacio\/#primaryimage"},"image":{"@id":"https:\/\/angeluscafe.com\/ca\/ubicacio\/#primaryimage"},"thumbnailUrl":"https:\/\/angeluscafe.com\/wp-content\/uploads\/2025\/07\/Group-1.png","datePublished":"2025-08-12T06:50:11+00:00","dateModified":"2025-08-12T15:38:56+00:00","breadcrumb":{"@id":"https:\/\/angeluscafe.com\/ca\/ubicacio\/#breadcrumb"},"inLanguage":"ca","potentialAction":[{"@type":"ReadAction","target":["https:\/\/angeluscafe.com\/ca\/ubicacio\/"]}]},{"@type":"ImageObject","inLanguage":"ca","@id":"https:\/\/angeluscafe.com\/ca\/ubicacio\/#primaryimage","url":"https:\/\/angeluscafe.com\/wp-content\/uploads\/2025\/07\/Group-1.png","contentUrl":"https:\/\/angeluscafe.com\/wp-content\/uploads\/2025\/07\/Group-1.png"},{"@type":"BreadcrumbList","@id":"https:\/\/angeluscafe.com\/ca\/ubicacio\/#breadcrumb","itemListElement":[{"@type":"ListItem","position":1,"name":"Portada","item":"https:\/\/angeluscafe.com\/ca\/"},{"@type":"ListItem","position":2,"name":"Ubicaci\u00f3"}]},{"@type":"WebSite","@id":"https:\/\/angeluscafe.com\/ca\/#website","url":"https:\/\/angeluscafe.com\/ca\/","name":"L&#039;\u00c0ngelus Caf\u00e8","description":"","publisher":{"@id":"https:\/\/angeluscafe.com\/ca\/#organization"},"potentialAction":[{"@type":"SearchAction","target":{"@type":"EntryPoint","urlTemplate":"https:\/\/angeluscafe.com\/ca\/?s={search_term_string}"},"query-input":{"@type":"PropertyValueSpecification","valueRequired":true,"valueName":"search_term_string"}}],"inLanguage":"ca"},{"@type":"Organization","@id":"https:\/\/angeluscafe.com\/ca\/#organization","name":"L&#039;\u00c0ngelus Caf\u00e8","url":"https:\/\/angeluscafe.com\/ca\/","logo":{"@type":"ImageObject","inLanguage":"ca","@id":"https:\/\/angeluscafe.com\/ca\/#\/schema\/logo\/image\/","url":"https:\/\/angeluscafe.com\/wp-content\/uploads\/2025\/07\/cropped-logo-angelus-cafe-marron-e1755010077302.png","contentUrl":"https:\/\/angeluscafe.com\/wp-content\/uploads\/2025\/07\/cropped-logo-angelus-cafe-marron-e1755010077302.png","width":1436,"height":411,"caption":"L&#039;\u00c0ngelus Caf\u00e8"},"image":{"@id":"https:\/\/angeluscafe.com\/ca\/#\/schema\/logo\/image\/"}}]}},"_links":{"self":[{"href":"https:\/\/angeluscafe.com\/ca\/wp-json\/wp\/v2\/pages\/350","targetHints":{"allow":["GET"]}}],"collection":[{"href":"https:\/\/angeluscafe.com\/ca\/wp-json\/wp\/v2\/pages"}],"about":[{"href":"https:\/\/angeluscafe.com\/ca\/wp-json\/wp\/v2\/types\/page"}],"author":[{"embeddable":true,"href":"https:\/\/angeluscafe.com\/ca\/wp-json\/wp\/v2\/users\/1"}],"replies":[{"embeddable":true,"href":"https:\/\/angeluscafe.com\/ca\/wp-json\/wp\/v2\/comments?post=350"}],"version-history":[{"count":1,"href":"https:\/\/angeluscafe.com\/ca\/wp-json\/wp\/v2\/pages\/350\/revisions"}],"predecessor-version":[{"id":351,"href":"https:\/\/angeluscafe.com\/ca\/wp-json\/wp\/v2\/pages\/350\/revisions\/351"}],"wp:attachment":[{"href":"https:\/\/angeluscafe.com\/ca\/wp-json\/wp\/v2\/media?parent=350"}],"curies":[{"name":"wp","href":"https:\/\/api.w.org\/{rel}","templated":true}]}}